{"id":23,"date":"2023-11-16T14:58:36","date_gmt":"2023-11-16T13:58:36","guid":{"rendered":"https:\/\/xn--traumapdagogik-oldenburg-wbc.de\/?page_id=23"},"modified":"2023-11-17T10:08:50","modified_gmt":"2023-11-17T09:08:50","slug":"traumapaedagogik","status":"publish","type":"page","link":"https:\/\/xn--traumapdagogik-oldenburg-wbc.de\/index.php\/traumapaedagogik\/","title":{"rendered":"Traumap\u00e4dagogik"},"content":{"rendered":"\n<p>Traumap\u00e4dagogik ist ein p\u00e4dagogischer Ansatz, der sich mit der Unterst\u00fctzung von Menschen besch\u00e4ftigt, die traumatische Erfahrungen gemacht haben z. B. durch Gewalt, Vernachl\u00e4ssigung, Krieg und Flucht. Sie zielt darauf ab, den Betroffenen dabei zu helfen, ihre traumatischen Erlebnisse zu verarbeiten und ihre Lebensqualit\u00e4t zu verbessern. Traumap\u00e4dagogik basiert auf wissenschaftlichen Erkenntnissen \u00fcber die Auswirkungen von Traumata auf das Verhalten und die Entwicklung von Menschen. Sie umfasst verschiedene Methoden und Techniken, die darauf abzielen, Sicherheit, Stabilit\u00e4t und Vertrauen wiederherzustellen. Es ist wichtig zu beachten, dass Traumap\u00e4dagogik keine Therapie ersetzt, sondern eine unterst\u00fctzende p\u00e4dagogische Ma\u00dfnahme ist. Sie dient zudem zur Stabilisierung und St\u00e4rkung der eigenen Ressourcen und soll eine sicheren Lernraum f\u00fcr die Betroffenen schaffen.<\/p>\n","protected":false},"excerpt":{"rendered":"<p>Traumap\u00e4dagogik ist ein p\u00e4dagogischer Ansatz, der sich mit der Unterst\u00fctzung von Menschen besch\u00e4ftigt, die traumatische Erfahrungen gemacht haben z. B. durch Gewalt, Vernachl\u00e4ssigung, Krieg und [&hellip;]<\/p>\n","protected":false},"author":1,"featured_media":0,"parent":0,"menu_order":0,"comment_status":"closed","ping_status":"closed","template":"","meta":{"footnotes":""},"aioseo_notices":[],"_links":{"self":[{"href":"https:\/\/xn--traumapdagogik-oldenburg-wbc.de\/index.php\/wp-json\/wp\/v2\/pages\/23"}],"collection":[{"href":"https:\/\/xn--traumapdagogik-oldenburg-wbc.de\/index.php\/wp-json\/wp\/v2\/pages"}],"about":[{"href":"https:\/\/xn--traumapdagogik-oldenburg-wbc.de\/index.php\/wp-json\/wp\/v2\/types\/page"}],"author":[{"embeddable":true,"href":"https:\/\/xn--traumapdagogik-oldenburg-wbc.de\/index.php\/wp-json\/wp\/v2\/users\/1"}],"replies":[{"embeddable":true,"href":"https:\/\/xn--traumapdagogik-oldenburg-wbc.de\/index.php\/wp-json\/wp\/v2\/comments?post=23"}],"version-history":[{"count":3,"href":"https:\/\/xn--traumapdagogik-oldenburg-wbc.de\/index.php\/wp-json\/wp\/v2\/pages\/23\/revisions"}],"predecessor-version":[{"id":65,"href":"https:\/\/xn--traumapdagogik-oldenburg-wbc.de\/index.php\/wp-json\/wp\/v2\/pages\/23\/revisions\/65"}],"wp:attachment":[{"href":"https:\/\/xn--traumapdagogik-oldenburg-wbc.de\/index.php\/wp-json\/wp\/v2\/media?parent=23"}],"curies":[{"name":"wp","href":"https:\/\/api.w.org\/{rel}","templated":true}]}}